{"id":6,"date":"2018-11-26T12:45:27","date_gmt":"2018-11-26T12:45:27","guid":{"rendered":"https:\/\/galcohn.com\/index.php\/home\/"},"modified":"2023-04-12T05:26:25","modified_gmt":"2023-04-12T05:26:25","slug":"inicio","status":"publish","type":"page","link":"https:\/\/galcohn.com\/","title":{"rendered":"Inicio"},"content":{"rendered":"\t\t<div data-elementor-type=\"wp-page\" data-elementor-id=\"6\" class=\"elementor elementor-6\">\n\t\t\t\t\t\t<section class=\"elementor-section elementor-top-section elementor-element elementor-element-5ec671b7 elementor-section-content-middle elementor-section-boxed elementor-section-height-default elementor-section-height-default\" data-id=\"5ec671b7\" data-element_type=\"section\" data-settings=\"{&quot;background_background&quot;:&quot;classic&quot;}\">\n\t\t\t\t\t\t\t<div class=\"elementor-background-overlay\"><\/div>\n\t\t\t\t\t\t\t<div class=\"elementor-container elementor-column-gap-no\">\n\t\t\t\t\t<div class=\"elementor-column elementor-col-100 elementor-top-column elementor-element elementor-element-1ba84b9d\" data-id=\"1ba84b9d\" data-element_type=\"column\">\n\t\t\t<div class=\"elementor-widget-wrap elementor-element-populated\">\n\t\t\t\t\t\t<div class=\"elementor-element elementor-element-63360b64 elementor-widget elementor-widget-heading\" data-id=\"63360b64\" data-element_type=\"widget\" data-widget_type=\"heading.default\">\n\t\t\t\t<div class=\"elementor-widget-container\">\n\t\t\t\t\t<h2 class=\"elementor-heading-title elementor-size-default\">REPRESENTACI\u00d3N DE CLASE MUNDIAL, RESULTADOS LOCALES EXCEPCIONALES.\nDistribuyendo Innovaci\u00f3n y Tecnolog\u00eda en Honduras.\n<\/h2>\t\t\t\t<\/div>\n\t\t\t\t<\/div>\n\t\t\t\t<div class=\"elementor-element elementor-element-fd55a17 elementor-align-center elementor-widget elementor-widget-button\" data-id=\"fd55a17\" data-element_type=\"widget\" data-widget_type=\"button.default\">\n\t\t\t\t<div class=\"elementor-widget-container\">\n\t\t\t\t\t\t\t\t\t<div class=\"elementor-button-wrapper\">\n\t\t\t\t\t<a class=\"elementor-button elementor-button-link elementor-size-sm\" href=\"https:\/\/galcohn.com\/index.php\/contact\/\">\n\t\t\t\t\t\t<span class=\"elementor-button-content-wrapper\">\n\t\t\t\t\t\t\t\t\t<span class=\"elementor-button-text\">Cont\u00e1ctanos<\/span>\n\t\t\t\t\t<\/span>\n\t\t\t\t\t<\/a>\n\t\t\t\t<\/div>\n\t\t\t\t\t\t\t\t<\/div>\n\t\t\t\t<\/div>\n\t\t\t\t<div class=\"elementor-element elementor-element-2876fe13 elementor-view-default elementor-widget elementor-widget-icon\" data-id=\"2876fe13\" data-element_type=\"widget\" data-widget_type=\"icon.default\">\n\t\t\t\t<div class=\"elementor-widget-container\">\n\t\t\t\t\t\t\t<div class=\"elementor-icon-wrapper\">\n\t\t\t<div class=\"elementor-icon\">\n\t\t\t<i aria-hidden=\"true\" class=\"fas fa-long-arrow-alt-down\"><\/i>\t\t\t<\/div>\n\t\t<\/div>\n\t\t\t\t\t\t<\/div>\n\t\t\t\t<\/div>\n\t\t\t\t\t<\/div>\n\t\t<\/div>\n\t\t\t\t\t<\/div>\n\t\t<\/section>\n\t\t\t\t<section class=\"elementor-section elementor-top-section elementor-element elementor-element-3f506a9d elementor-section-content-middle elementor-section-boxed elementor-section-height-default elementor-section-height-default\" data-id=\"3f506a9d\" data-element_type=\"section\" data-settings=\"{&quot;background_background&quot;:&quot;classic&quot;}\">\n\t\t\t\t\t\t<div class=\"elementor-container elementor-column-gap-no\">\n\t\t\t\t\t<div class=\"elementor-column elementor-col-100 elementor-top-column elementor-element elementor-element-74aefa7f\" data-id=\"74aefa7f\" data-element_type=\"column\">\n\t\t\t<div class=\"elementor-widget-wrap elementor-element-populated\">\n\t\t\t\t\t\t<div class=\"elementor-element elementor-element-42255f0a elementor-widget elementor-widget-heading\" data-id=\"42255f0a\" data-element_type=\"widget\" data-widget_type=\"heading.default\">\n\t\t\t\t<div class=\"elementor-widget-container\">\n\t\t\t\t\t<h5 class=\"elementor-heading-title elementor-size-default\">Sobre Nosotros<\/h5>\t\t\t\t<\/div>\n\t\t\t\t<\/div>\n\t\t\t\t<div class=\"elementor-element elementor-element-f8276d7 elementor-widget elementor-widget-heading\" data-id=\"f8276d7\" data-element_type=\"widget\" data-widget_type=\"heading.default\">\n\t\t\t\t<div class=\"elementor-widget-container\">\n\t\t\t\t\t<h3 class=\"elementor-heading-title elementor-size-default\">Galco International es una empresa l\u00edder en la representaci\u00f3n de industrias extranjeras en m\u00faltiples sectores en el mercado centroamericano, con una fuerte presencia en Honduras.<span style=\"font-size: medium;font-weight: 400;text-align: start\"><\/span><\/h3>\t\t\t\t<\/div>\n\t\t\t\t<\/div>\n\t\t\t\t<div class=\"elementor-element elementor-element-a26f254 elementor-widget elementor-widget-text-editor\" data-id=\"a26f254\" data-element_type=\"widget\" data-widget_type=\"text-editor.default\">\n\t\t\t\t<div class=\"elementor-widget-container\">\n\t\t\t\t\t\t\t\t\t<p><span lang=\"es-419\">Galco International es una empresa l\u00edder en la representaci\u00f3n de industrias extranjeras en m\u00faltiples sectores en el mercado centroamericano, con una fuerte presencia en Honduras. Tambi\u00e9n somos distribuidores de productos tecnol\u00f3gicos y ofrecemos servicios de asesoramiento y desarrollo de proyectos de infraestructura.<\/span><\/p>\t\t\t\t\t\t\t\t<\/div>\n\t\t\t\t<\/div>\n\t\t\t\t<div class=\"elementor-element elementor-element-2209d7b4 elementor-widget elementor-widget-text-editor\" data-id=\"2209d7b4\" data-element_type=\"widget\" data-widget_type=\"text-editor.default\">\n\t\t\t\t<div class=\"elementor-widget-container\">\n\t\t\t\t\t\t\t\t\t<p><span lang=\"es-419\">Nuestro objetivo es ser el mejor socio para las empresas que buscan servicios de representaci\u00f3n, asesoramiento y distribuci\u00f3n en la regi\u00f3n. Nos enfocamos en brindar soluciones personalizadas y eficientes para nuestros clientes, y estamos comprometidos con el \u00e9xito de sus negocios en Honduras y el resto de Centroam\u00e9rica.<\/span><\/p>\t\t\t\t\t\t\t\t<\/div>\n\t\t\t\t<\/div>\n\t\t\t\t<div class=\"elementor-element elementor-element-5c646648 elementor-align-center elementor-widget elementor-widget-button\" data-id=\"5c646648\" data-element_type=\"widget\" data-widget_type=\"button.default\">\n\t\t\t\t<div class=\"elementor-widget-container\">\n\t\t\t\t\t\t\t\t\t<div class=\"elementor-button-wrapper\">\n\t\t\t\t\t<a class=\"elementor-button elementor-button-link elementor-size-sm\" href=\"https:\/\/galcohn.com\/index.php\/about\/\">\n\t\t\t\t\t\t<span class=\"elementor-button-content-wrapper\">\n\t\t\t\t\t\t\t\t\t<span class=\"elementor-button-text\">Cont\u00e1ctanos<\/span>\n\t\t\t\t\t<\/span>\n\t\t\t\t\t<\/a>\n\t\t\t\t<\/div>\n\t\t\t\t\t\t\t\t<\/div>\n\t\t\t\t<\/div>\n\t\t\t\t\t<\/div>\n\t\t<\/div>\n\t\t\t\t\t<\/div>\n\t\t<\/section>\n\t\t\t\t<section class=\"elementor-section elementor-top-section elementor-element elementor-element-137f881d elementor-section-content-middle elementor-section-boxed elementor-section-height-default elementor-section-height-default\" data-id=\"137f881d\" data-element_type=\"section\" data-settings=\"{&quot;background_background&quot;:&quot;classic&quot;}\">\n\t\t\t\t\t\t\t<div class=\"elementor-background-overlay\"><\/div>\n\t\t\t\t\t\t\t<div class=\"elementor-container elementor-column-gap-no\">\n\t\t\t\t\t<div class=\"elementor-column elementor-col-100 elementor-top-column elementor-element elementor-element-34855c2\" data-id=\"34855c2\" data-element_type=\"column\">\n\t\t\t<div class=\"elementor-widget-wrap elementor-element-populated\">\n\t\t\t\t\t\t<div class=\"elementor-element elementor-element-117e42d elementor-widget elementor-widget-heading\" data-id=\"117e42d\" data-element_type=\"widget\" data-widget_type=\"heading.default\">\n\t\t\t\t<div class=\"elementor-widget-container\">\n\t\t\t\t\t<h2 class=\"elementor-heading-title elementor-size-default\">El \u00fanico lugar donde encontrara la soluci\u00f3n perfecta para todas sus necesidades. <\/h2>\t\t\t\t<\/div>\n\t\t\t\t<\/div>\n\t\t\t\t<div class=\"elementor-element elementor-element-e605cdc elementor-align-center elementor-widget elementor-widget-button\" data-id=\"e605cdc\" data-element_type=\"widget\" data-widget_type=\"button.default\">\n\t\t\t\t<div class=\"elementor-widget-container\">\n\t\t\t\t\t\t\t\t\t<div class=\"elementor-button-wrapper\">\n\t\t\t\t\t<a class=\"elementor-button elementor-button-link elementor-size-sm\" href=\"https:\/\/galcohn.com\/index.php\/contact\/\">\n\t\t\t\t\t\t<span class=\"elementor-button-content-wrapper\">\n\t\t\t\t\t\t\t\t\t<span class=\"elementor-button-text\">Cont\u00e1ctanos<\/span>\n\t\t\t\t\t<\/span>\n\t\t\t\t\t<\/a>\n\t\t\t\t<\/div>\n\t\t\t\t\t\t\t\t<\/div>\n\t\t\t\t<\/div>\n\t\t\t\t\t<\/div>\n\t\t<\/div>\n\t\t\t\t\t<\/div>\n\t\t<\/section>\n\t\t\t\t<section class=\"elementor-section elementor-top-section elementor-element elementor-element-47089ec0 elementor-section-boxed elementor-section-height-default elementor-section-height-default\" data-id=\"47089ec0\" data-element_type=\"section\">\n\t\t\t\t\t\t<div class=\"elementor-container elementor-column-gap-default\">\n\t\t\t\t\t<div class=\"elementor-column elementor-col-66 elementor-top-column elementor-element elementor-element-7114bdff\" data-id=\"7114bdff\" data-element_type=\"column\">\n\t\t\t<div class=\"elementor-widget-wrap elementor-element-populated\">\n\t\t\t\t\t\t<div class=\"elementor-element elementor-element-79bbe722 elementor-widget elementor-widget-heading\" data-id=\"79bbe722\" data-element_type=\"widget\" data-widget_type=\"heading.default\">\n\t\t\t\t<div class=\"elementor-widget-container\">\n\t\t\t\t\t<h2 class=\"elementor-heading-title elementor-size-default\"><a href=\"http:\/\/galco@galcohn.com\">Necesita ayuda para soluciones industriales sencillas? Somos los expertos!<\/a><\/h2>\t\t\t\t<\/div>\n\t\t\t\t<\/div>\n\t\t\t\t\t<\/div>\n\t\t<\/div>\n\t\t\t\t<div class=\"elementor-column elementor-col-33 elementor-top-column elementor-element elementor-element-f4e67d3\" data-id=\"f4e67d3\" data-element_type=\"column\">\n\t\t\t<div class=\"elementor-widget-wrap elementor-element-populated\">\n\t\t\t\t\t\t<div class=\"elementor-element elementor-element-2689e0d9 elementor-align-center elementor-widget elementor-widget-button\" data-id=\"2689e0d9\" data-element_type=\"widget\" data-widget_type=\"button.default\">\n\t\t\t\t<div class=\"elementor-widget-container\">\n\t\t\t\t\t\t\t\t\t<div class=\"elementor-button-wrapper\">\n\t\t\t\t\t<a class=\"elementor-button elementor-button-link elementor-size-sm\" href=\"https:\/\/galcohn.com\/index.php\/contact\/\">\n\t\t\t\t\t\t<span class=\"elementor-button-content-wrapper\">\n\t\t\t\t\t\t\t\t\t<span class=\"elementor-button-text\">Cont\u00e1ctanos<\/span>\n\t\t\t\t\t<\/span>\n\t\t\t\t\t<\/a>\n\t\t\t\t<\/div>\n\t\t\t\t\t\t\t\t<\/div>\n\t\t\t\t<\/div>\n\t\t\t\t\t<\/div>\n\t\t<\/div>\n\t\t\t\t\t<\/div>\n\t\t<\/section>\n\t\t\t\t<\/div>\n\t\t","protected":false},"excerpt":{"rendered":"<p>REPRESENTACI\u00d3N DE CLASE MUNDIAL, RESULTADOS LOCALES EXCEPCIONALES. Distribuyendo Innovaci\u00f3n y Tecnolog\u00eda en Honduras. Cont\u00e1ctanos Sobre Nosotros Galco International es una empresa l\u00edder en la representaci\u00f3n de industrias extranjeras en m\u00faltiples sectores en el mercado centroamericano, con una fuerte presencia en Honduras. Galco International es una empresa l\u00edder en la representaci\u00f3n de industrias extranjeras en m\u00faltiples [&hellip;]<\/p>\n","protected":false},"author":1,"featured_media":0,"parent":0,"menu_order":0,"comment_status":"closed","ping_status":"closed","template":"","meta":{"site-sidebar-layout":"no-sidebar","site-content-layout":"page-builder","ast-site-content-layout":"default","site-content-style":"default","site-sidebar-style":"default","ast-global-header-display":"","ast-banner-title-visibility":"","ast-main-header-display":"","ast-hfb-above-header-display":"","ast-hfb-below-header-display":"","ast-hfb-mobile-header-display":"","site-post-title":"disabled","ast-breadcrumbs-content":"","ast-featured-img":"disabled","footer-sml-layout":"","theme-transparent-header-meta":"enabled","adv-header-id-meta":"","stick-header-meta":"","header-above-stick-meta":"","header-main-stick-meta":"","header-below-stick-meta":"","astra-migrate-meta-layouts":"default","ast-page-background-enabled":"default","ast-page-background-meta":{"desktop":{"background-color":"","background-image":"","background-repeat":"repeat","background-position":"center center","background-size":"auto","background-attachment":"scroll","background-type":"","background-media":"","overlay-type":"","overlay-color":"","overlay-opacity":"","overlay-gradient":""},"tablet":{"background-color":"","background-image":"","background-repeat":"repeat","background-position":"center center","background-size":"auto","background-attachment":"scroll","background-type":"","background-media":"","overlay-type":"","overlay-color":"","overlay-opacity":"","overlay-gradient":""},"mobile":{"background-color":"","background-image":"","background-repeat":"repeat","background-position":"center center","background-size":"auto","background-attachment":"scroll","background-type":"","background-media":"","overlay-type":"","overlay-color":"","overlay-opacity":"","overlay-gradient":""}},"ast-content-background-meta":{"desktop":{"background-color":"var(--ast-global-color-5)","background-image":"","background-repeat":"repeat","background-position":"center center","background-size":"auto","background-attachment":"scroll","background-type":"","background-media":"","overlay-type":"","overlay-color":"","overlay-opacity":"","overlay-gradient":""},"tablet":{"background-color":"var(--ast-global-color-5)","background-image":"","background-repeat":"repeat","background-position":"center center","background-size":"auto","background-attachment":"scroll","background-type":"","background-media":"","overlay-type":"","overlay-color":"","overlay-opacity":"","overlay-gradient":""},"mobile":{"background-color":"var(--ast-global-color-5)","background-image":"","background-repeat":"repeat","background-position":"center center","background-size":"auto","background-attachment":"scroll","background-type":"","background-media":"","overlay-type":"","overlay-color":"","overlay-opacity":"","overlay-gradient":""}},"footnotes":""},"class_list":["post-6","page","type-page","status-publish","hentry"],"yoast_head":"<!-- This site is optimized with the Yoast SEO plugin v25.8 - https:\/\/yoast.com\/wordpress\/plugins\/seo\/ -->\n<title>Inicio - Galco International<\/title>\n<meta name=\"description\" content=\"Galco International: Galco International es una empresa l\u00edder en la representaci\u00f3n de industrias extranjeras en m\u00faltiples sectores en el mercado centroamericano, con una fuerte presencia en Honduras. Tambi\u00e9n somos distribuidores de productos tecnol\u00f3gicos y ofrecemos servicios de asesoramiento y desarrollo de proyectos de infraestructura.\" \/>\n<meta name=\"robots\" content=\"index, follow, max-snippet:-1, max-image-preview:large, max-video-preview:-1\" \/>\n<link rel=\"canonical\" href=\"https:\/\/galcohn.com\/\" \/>\n<meta property=\"og:locale\" content=\"en_US\" \/>\n<meta property=\"og:type\" content=\"article\" \/>\n<meta property=\"og:title\" content=\"Inicio - Galco International\" \/>\n<meta property=\"og:description\" content=\"Galco International: Galco International es una empresa l\u00edder en la representaci\u00f3n de industrias extranjeras en m\u00faltiples sectores en el mercado centroamericano, con una fuerte presencia en Honduras. Tambi\u00e9n somos distribuidores de productos tecnol\u00f3gicos y ofrecemos servicios de asesoramiento y desarrollo de proyectos de infraestructura.\" \/>\n<meta property=\"og:url\" content=\"https:\/\/galcohn.com\/\" \/>\n<meta property=\"og:site_name\" content=\"Galco International\" \/>\n<meta property=\"article:modified_time\" content=\"2023-04-12T05:26:25+00:00\" \/>\n<meta name=\"twitter:card\" content=\"summary_large_image\" \/>\n<meta name=\"twitter:label1\" content=\"Est. reading time\" \/>\n\t<meta name=\"twitter:data1\" content=\"1 minute\" \/>\n<script type=\"application\/ld+json\" class=\"yoast-schema-graph\">{\"@context\":\"https:\/\/schema.org\",\"@graph\":[{\"@type\":\"WebPage\",\"@id\":\"https:\/\/galcohn.com\/\",\"url\":\"https:\/\/galcohn.com\/\",\"name\":\"Inicio - Galco International\",\"isPartOf\":{\"@id\":\"https:\/\/galcohn.com\/#website\"},\"datePublished\":\"2018-11-26T12:45:27+00:00\",\"dateModified\":\"2023-04-12T05:26:25+00:00\",\"description\":\"Galco International: Galco International es una empresa l\u00edder en la representaci\u00f3n de industrias extranjeras en m\u00faltiples sectores en el mercado centroamericano, con una fuerte presencia en Honduras. Tambi\u00e9n somos distribuidores de productos tecnol\u00f3gicos y ofrecemos servicios de asesoramiento y desarrollo de proyectos de infraestructura.\",\"breadcrumb\":{\"@id\":\"https:\/\/galcohn.com\/#breadcrumb\"},\"inLanguage\":\"en-US\",\"potentialAction\":[{\"@type\":\"ReadAction\",\"target\":[\"https:\/\/galcohn.com\/\"]}]},{\"@type\":\"BreadcrumbList\",\"@id\":\"https:\/\/galcohn.com\/#breadcrumb\",\"itemListElement\":[{\"@type\":\"ListItem\",\"position\":1,\"name\":\"Home\",\"item\":\"https:\/\/galcohn.com\/\"},{\"@type\":\"ListItem\",\"position\":2,\"name\":\"Inicio\"}]},{\"@type\":\"WebSite\",\"@id\":\"https:\/\/galcohn.com\/#website\",\"url\":\"https:\/\/galcohn.com\/\",\"name\":\"Galco International\",\"description\":\"\",\"publisher\":{\"@id\":\"https:\/\/galcohn.com\/#organization\"},\"potentialAction\":[{\"@type\":\"SearchAction\",\"target\":{\"@type\":\"EntryPoint\",\"urlTemplate\":\"https:\/\/galcohn.com\/?s={search_term_string}\"},\"query-input\":{\"@type\":\"PropertyValueSpecification\",\"valueRequired\":true,\"valueName\":\"search_term_string\"}}],\"inLanguage\":\"en-US\"},{\"@type\":\"Organization\",\"@id\":\"https:\/\/galcohn.com\/#organization\",\"name\":\"Galco International\",\"url\":\"https:\/\/galcohn.com\/\",\"logo\":{\"@type\":\"ImageObject\",\"inLanguage\":\"en-US\",\"@id\":\"https:\/\/galcohn.com\/#\/schema\/logo\/image\/\",\"url\":\"https:\/\/galcohn.com\/wp-content\/uploads\/2023\/04\/galco.png\",\"contentUrl\":\"https:\/\/galcohn.com\/wp-content\/uploads\/2023\/04\/galco.png\",\"width\":220,\"height\":76,\"caption\":\"Galco International\"},\"image\":{\"@id\":\"https:\/\/galcohn.com\/#\/schema\/logo\/image\/\"}}]}<\/script>\n<!-- \/ Yoast SEO plugin. -->","yoast_head_json":{"title":"Inicio - Galco International","description":"Galco International: Galco International es una empresa l\u00edder en la representaci\u00f3n de industrias extranjeras en m\u00faltiples sectores en el mercado centroamericano, con una fuerte presencia en Honduras. Tambi\u00e9n somos distribuidores de productos tecnol\u00f3gicos y ofrecemos servicios de asesoramiento y desarrollo de proyectos de infraestructura.","robots":{"index":"index","follow":"follow","max-snippet":"max-snippet:-1","max-image-preview":"max-image-preview:large","max-video-preview":"max-video-preview:-1"},"canonical":"https:\/\/galcohn.com\/","og_locale":"en_US","og_type":"article","og_title":"Inicio - Galco International","og_description":"Galco International: Galco International es una empresa l\u00edder en la representaci\u00f3n de industrias extranjeras en m\u00faltiples sectores en el mercado centroamericano, con una fuerte presencia en Honduras. Tambi\u00e9n somos distribuidores de productos tecnol\u00f3gicos y ofrecemos servicios de asesoramiento y desarrollo de proyectos de infraestructura.","og_url":"https:\/\/galcohn.com\/","og_site_name":"Galco International","article_modified_time":"2023-04-12T05:26:25+00:00","twitter_card":"summary_large_image","twitter_misc":{"Est. reading time":"1 minute"},"schema":{"@context":"https:\/\/schema.org","@graph":[{"@type":"WebPage","@id":"https:\/\/galcohn.com\/","url":"https:\/\/galcohn.com\/","name":"Inicio - Galco International","isPartOf":{"@id":"https:\/\/galcohn.com\/#website"},"datePublished":"2018-11-26T12:45:27+00:00","dateModified":"2023-04-12T05:26:25+00:00","description":"Galco International: Galco International es una empresa l\u00edder en la representaci\u00f3n de industrias extranjeras en m\u00faltiples sectores en el mercado centroamericano, con una fuerte presencia en Honduras. Tambi\u00e9n somos distribuidores de productos tecnol\u00f3gicos y ofrecemos servicios de asesoramiento y desarrollo de proyectos de infraestructura.","breadcrumb":{"@id":"https:\/\/galcohn.com\/#breadcrumb"},"inLanguage":"en-US","potentialAction":[{"@type":"ReadAction","target":["https:\/\/galcohn.com\/"]}]},{"@type":"BreadcrumbList","@id":"https:\/\/galcohn.com\/#breadcrumb","itemListElement":[{"@type":"ListItem","position":1,"name":"Home","item":"https:\/\/galcohn.com\/"},{"@type":"ListItem","position":2,"name":"Inicio"}]},{"@type":"WebSite","@id":"https:\/\/galcohn.com\/#website","url":"https:\/\/galcohn.com\/","name":"Galco International","description":"","publisher":{"@id":"https:\/\/galcohn.com\/#organization"},"potentialAction":[{"@type":"SearchAction","target":{"@type":"EntryPoint","urlTemplate":"https:\/\/galcohn.com\/?s={search_term_string}"},"query-input":{"@type":"PropertyValueSpecification","valueRequired":true,"valueName":"search_term_string"}}],"inLanguage":"en-US"},{"@type":"Organization","@id":"https:\/\/galcohn.com\/#organization","name":"Galco International","url":"https:\/\/galcohn.com\/","logo":{"@type":"ImageObject","inLanguage":"en-US","@id":"https:\/\/galcohn.com\/#\/schema\/logo\/image\/","url":"https:\/\/galcohn.com\/wp-content\/uploads\/2023\/04\/galco.png","contentUrl":"https:\/\/galcohn.com\/wp-content\/uploads\/2023\/04\/galco.png","width":220,"height":76,"caption":"Galco International"},"image":{"@id":"https:\/\/galcohn.com\/#\/schema\/logo\/image\/"}}]}},"_links":{"self":[{"href":"https:\/\/galcohn.com\/index.php\/wp-json\/wp\/v2\/pages\/6","targetHints":{"allow":["GET"]}}],"collection":[{"href":"https:\/\/galcohn.com\/index.php\/wp-json\/wp\/v2\/pages"}],"about":[{"href":"https:\/\/galcohn.com\/index.php\/wp-json\/wp\/v2\/types\/page"}],"author":[{"embeddable":true,"href":"https:\/\/galcohn.com\/index.php\/wp-json\/wp\/v2\/users\/1"}],"replies":[{"embeddable":true,"href":"https:\/\/galcohn.com\/index.php\/wp-json\/wp\/v2\/comments?post=6"}],"version-history":[{"count":80,"href":"https:\/\/galcohn.com\/index.php\/wp-json\/wp\/v2\/pages\/6\/revisions"}],"predecessor-version":[{"id":874,"href":"https:\/\/galcohn.com\/index.php\/wp-json\/wp\/v2\/pages\/6\/revisions\/874"}],"wp:attachment":[{"href":"https:\/\/galcohn.com\/index.php\/wp-json\/wp\/v2\/media?parent=6"}],"curies":[{"name":"wp","href":"https:\/\/api.w.org\/{rel}","templated":true}]}}