{"id":7,"date":"2018-11-26T12:45:57","date_gmt":"2018-11-26T12:45:57","guid":{"rendered":"https:\/\/galcohn.com\/index.php\/about\/"},"modified":"2023-04-12T05:30:05","modified_gmt":"2023-04-12T05:30:05","slug":"sobre-nosotros","status":"publish","type":"page","link":"https:\/\/galcohn.com\/index.php\/sobre-nosotros\/","title":{"rendered":"Sobre Nosotros"},"content":{"rendered":"\t\t<div data-elementor-type=\"wp-post\" data-elementor-id=\"7\" class=\"elementor elementor-7\">\n\t\t\t\t\t\t<section class=\"elementor-section elementor-top-section elementor-element elementor-element-1b5d768b elementor-section-content-middle elementor-section-boxed elementor-section-height-default elementor-section-height-default\" data-id=\"1b5d768b\" data-element_type=\"section\" data-settings=\"{&quot;background_background&quot;:&quot;classic&quot;}\">\n\t\t\t\t\t\t\t<div class=\"elementor-background-overlay\"><\/div>\n\t\t\t\t\t\t\t<div class=\"elementor-container elementor-column-gap-no\">\n\t\t\t\t\t<div class=\"elementor-column elementor-col-100 elementor-top-column elementor-element elementor-element-1608c15b\" data-id=\"1608c15b\" data-element_type=\"column\">\n\t\t\t<div class=\"elementor-widget-wrap elementor-element-populated\">\n\t\t\t\t\t\t<div class=\"elementor-element elementor-element-321a34b8 elementor-widget elementor-widget-heading\" data-id=\"321a34b8\" data-element_type=\"widget\" data-widget_type=\"heading.default\">\n\t\t\t\t<div class=\"elementor-widget-container\">\n\t\t\t\t\t<h1 class=\"elementor-heading-title elementor-size-default\">Sobre Nosotros <\/h1>\t\t\t\t<\/div>\n\t\t\t\t<\/div>\n\t\t\t\t\t<\/div>\n\t\t<\/div>\n\t\t\t\t\t<\/div>\n\t\t<\/section>\n\t\t\t\t<section class=\"elementor-section elementor-top-section elementor-element elementor-element-54dfedde elementor-section-content-top elementor-section-boxed elementor-section-height-default elementor-section-height-default\" data-id=\"54dfedde\" data-element_type=\"section\" data-settings=\"{&quot;background_background&quot;:&quot;classic&quot;}\">\n\t\t\t\t\t\t<div class=\"elementor-container elementor-column-gap-no\">\n\t\t\t\t\t<div class=\"elementor-column elementor-col-50 elementor-top-column elementor-element elementor-element-3b5232b7\" data-id=\"3b5232b7\" data-element_type=\"column\">\n\t\t\t<div class=\"elementor-widget-wrap elementor-element-populated\">\n\t\t\t\t\t\t<div class=\"elementor-element elementor-element-ac1409d elementor-widget elementor-widget-heading\" data-id=\"ac1409d\" data-element_type=\"widget\" data-widget_type=\"heading.default\">\n\t\t\t\t<div class=\"elementor-widget-container\">\n\t\t\t\t\t<h2 class=\"elementor-heading-title elementor-size-default\">Encontrar una soluci\u00f3n permanente es nuestro meta!<\/h2>\t\t\t\t<\/div>\n\t\t\t\t<\/div>\n\t\t\t\t\t<\/div>\n\t\t<\/div>\n\t\t\t\t<div class=\"elementor-column elementor-col-50 elementor-top-column elementor-element elementor-element-3cf1fd6\" data-id=\"3cf1fd6\" data-element_type=\"column\">\n\t\t\t<div class=\"elementor-widget-wrap elementor-element-populated\">\n\t\t\t\t\t\t<div class=\"elementor-element elementor-element-8f14f19 elementor-widget elementor-widget-heading\" data-id=\"8f14f19\" data-element_type=\"widget\" data-widget_type=\"heading.default\">\n\t\t\t\t<div class=\"elementor-widget-container\">\n\t\t\t\t\t<h3 class=\"elementor-heading-title elementor-size-default\">REPRESENTACI\u00d3N DE CLASE MUNDIAL, RESULTADOS LOCALES EXCEPCIONALES.\nDistribuyendo Innovaci\u00f3n y Tecnolog\u00eda en Honduras.\n<\/h3>\t\t\t\t<\/div>\n\t\t\t\t<\/div>\n\t\t\t\t<div class=\"elementor-element elementor-element-48d89661 elementor-widget elementor-widget-text-editor\" data-id=\"48d89661\" data-element_type=\"widget\" data-widget_type=\"text-editor.default\">\n\t\t\t\t<div class=\"elementor-widget-container\">\n\t\t\t\t\t\t\t\t\t<p>En Galco International, nuestros ejecutivos cuentan con m\u00e1s de 25 a\u00f1os de experiencia combinada en proyectos y licitaciones p\u00fablicas tanto nacionales como internacionales. Somos especialistas en la representaci\u00f3n y suministro de documentos y dispositivos de seguridad, equipos m\u00e9dicos y mobiliario, software administrativo, sistemas de seguridad, equipos contra incendios, materiales a granel, herrajer\u00eda el\u00e9ctrica y de comunicaci\u00f3n, materias primas farmac\u00e9uticas y productos terminados, dise\u00f1o de infraestructura hospitalaria y educativa, distribuci\u00f3n de motores el\u00e9ctricos, transporte el\u00e9ctrico, motores marinos, infraestructura portuaria y muchos otros productos y servicios.<\/p>\t\t\t\t\t\t\t\t<\/div>\n\t\t\t\t<\/div>\n\t\t\t\t<div class=\"elementor-element elementor-element-46a61cc4 elementor-widget elementor-widget-text-editor\" data-id=\"46a61cc4\" data-element_type=\"widget\" data-widget_type=\"text-editor.default\">\n\t\t\t\t<div class=\"elementor-widget-container\">\n\t\t\t\t\t\t\t\t\t<p>Nos enorgullecemos de haber logrado contratos por m\u00e1s de $30 millones de d\u00f3lares, y sin embargo, no descuidamos proyectos de menor presupuesto. En Galco, nuestra cultura se basa en la innovaci\u00f3n de productos, el lobby y representaci\u00f3n efectiva de nuestros clientes, as\u00ed como la responsabilidad y \u00e9tica en todos nuestros proyectos.<\/p>\t\t\t\t\t\t\t\t<\/div>\n\t\t\t\t<\/div>\n\t\t\t\t\t<\/div>\n\t\t<\/div>\n\t\t\t\t\t<\/div>\n\t\t<\/section>\n\t\t\t\t<section class=\"elementor-section elementor-top-section elementor-element elementor-element-40a873ed elementor-section-content-top elementor-section-boxed elementor-section-height-default elementor-section-height-default\" data-id=\"40a873ed\" data-element_type=\"section\">\n\t\t\t\t\t\t\t<div class=\"elementor-background-overlay\"><\/div>\n\t\t\t\t\t\t\t<div class=\"elementor-container elementor-column-gap-no\">\n\t\t\t\t\t<div class=\"elementor-column elementor-col-100 elementor-top-column elementor-element elementor-element-7b7e5e6f\" data-id=\"7b7e5e6f\" data-element_type=\"column\">\n\t\t\t<div class=\"elementor-widget-wrap elementor-element-populated\">\n\t\t\t\t\t\t<section class=\"elementor-section elementor-inner-section elementor-element elementor-element-34031a92 elementor-section-content-top elementor-section-boxed elementor-section-height-default elementor-section-height-default\" data-id=\"34031a92\" data-element_type=\"section\">\n\t\t\t\t\t\t<div class=\"elementor-container elementor-column-gap-no\">\n\t\t\t\t\t<div class=\"elementor-column elementor-col-25 elementor-inner-column elementor-element elementor-element-5448305b\" data-id=\"5448305b\" data-element_type=\"column\">\n\t\t\t<div class=\"elementor-widget-wrap elementor-element-populated\">\n\t\t\t\t\t\t<div class=\"elementor-element elementor-element-8b5a159 elementor-widget elementor-widget-heading\" data-id=\"8b5a159\" data-element_type=\"widget\" data-widget_type=\"heading.default\">\n\t\t\t\t<div class=\"elementor-widget-container\">\n\t\t\t\t\t<h2 class=\"elementor-heading-title elementor-size-default\">Estas son nuestras cifras y creciendo<\/h2>\t\t\t\t<\/div>\n\t\t\t\t<\/div>\n\t\t\t\t\t<\/div>\n\t\t<\/div>\n\t\t\t\t<div class=\"elementor-column elementor-col-25 elementor-inner-column elementor-element elementor-element-4633458d\" data-id=\"4633458d\" data-element_type=\"column\">\n\t\t\t<div class=\"elementor-widget-wrap elementor-element-populated\">\n\t\t\t\t\t\t<div class=\"elementor-element elementor-element-3203a315 elementor-widget elementor-widget-counter\" data-id=\"3203a315\" data-element_type=\"widget\" data-widget_type=\"counter.default\">\n\t\t\t\t<div class=\"elementor-widget-container\">\n\t\t\t\t\t\t\t<div class=\"elementor-counter\">\n\t\t\t<div class=\"elementor-counter-title\">Productos y Servicios<\/div>\t\t\t<div class=\"elementor-counter-number-wrapper\">\n\t\t\t\t<span class=\"elementor-counter-number-prefix\"><\/span>\n\t\t\t\t<span class=\"elementor-counter-number\" data-duration=\"2000\" data-to-value=\"12\" data-from-value=\"0\" data-delimiter=\",\">0<\/span>\n\t\t\t\t<span class=\"elementor-counter-number-suffix\"><\/span>\n\t\t\t<\/div>\n\t\t<\/div>\n\t\t\t\t\t\t<\/div>\n\t\t\t\t<\/div>\n\t\t\t\t\t<\/div>\n\t\t<\/div>\n\t\t\t\t<div class=\"elementor-column elementor-col-25 elementor-inner-column elementor-element elementor-element-52bad5d5\" data-id=\"52bad5d5\" data-element_type=\"column\">\n\t\t\t<div class=\"elementor-widget-wrap elementor-element-populated\">\n\t\t\t\t\t\t<div class=\"elementor-element elementor-element-4267e238 elementor-widget elementor-widget-counter\" data-id=\"4267e238\" data-element_type=\"widget\" data-widget_type=\"counter.default\">\n\t\t\t\t<div class=\"elementor-widget-container\">\n\t\t\t\t\t\t\t<div class=\"elementor-counter\">\n\t\t\t<div class=\"elementor-counter-title\">A\u00f1os de Experiencia<\/div>\t\t\t<div class=\"elementor-counter-number-wrapper\">\n\t\t\t\t<span class=\"elementor-counter-number-prefix\"><\/span>\n\t\t\t\t<span class=\"elementor-counter-number\" data-duration=\"2000\" data-to-value=\"25\" data-from-value=\"0\" data-delimiter=\",\">0<\/span>\n\t\t\t\t<span class=\"elementor-counter-number-suffix\"><\/span>\n\t\t\t<\/div>\n\t\t<\/div>\n\t\t\t\t\t\t<\/div>\n\t\t\t\t<\/div>\n\t\t\t\t\t<\/div>\n\t\t<\/div>\n\t\t\t\t<div class=\"elementor-column elementor-col-25 elementor-inner-column elementor-element elementor-element-4e9c9540\" data-id=\"4e9c9540\" data-element_type=\"column\">\n\t\t\t<div class=\"elementor-widget-wrap elementor-element-populated\">\n\t\t\t\t\t\t<div class=\"elementor-element elementor-element-3bbb0bc4 elementor-widget elementor-widget-counter\" data-id=\"3bbb0bc4\" data-element_type=\"widget\" data-widget_type=\"counter.default\">\n\t\t\t\t<div class=\"elementor-widget-container\">\n\t\t\t\t\t\t\t<div class=\"elementor-counter\">\n\t\t\t<div class=\"elementor-counter-title\">Projectos Completados<\/div>\t\t\t<div class=\"elementor-counter-number-wrapper\">\n\t\t\t\t<span class=\"elementor-counter-number-prefix\"><\/span>\n\t\t\t\t<span class=\"elementor-counter-number\" data-duration=\"2000\" data-to-value=\"100\" data-from-value=\"0\" data-delimiter=\",\">0<\/span>\n\t\t\t\t<span class=\"elementor-counter-number-suffix\"><\/span>\n\t\t\t<\/div>\n\t\t<\/div>\n\t\t\t\t\t\t<\/div>\n\t\t\t\t<\/div>\n\t\t\t\t\t<\/div>\n\t\t<\/div>\n\t\t\t\t\t<\/div>\n\t\t<\/section>\n\t\t\t\t\t<\/div>\n\t\t<\/div>\n\t\t\t\t\t<\/div>\n\t\t<\/section>\n\t\t\t\t<section class=\"elementor-section elementor-top-section elementor-element elementor-element-187f1669 elementor-section-boxed elementor-section-height-default elementor-section-height-default\" data-id=\"187f1669\" data-element_type=\"section\" data-settings=\"{&quot;background_background&quot;:&quot;classic&quot;}\">\n\t\t\t\t\t\t<div class=\"elementor-container elementor-column-gap-default\">\n\t\t\t\t\t<div class=\"elementor-column elementor-col-25 elementor-top-column elementor-element elementor-element-1cee7c30\" data-id=\"1cee7c30\" data-element_type=\"column\">\n\t\t\t<div class=\"elementor-widget-wrap\">\n\t\t\t\t\t\t\t<\/div>\n\t\t<\/div>\n\t\t\t\t<div class=\"elementor-column elementor-col-25 elementor-top-column elementor-element elementor-element-38533178\" data-id=\"38533178\" data-element_type=\"column\">\n\t\t\t<div class=\"elementor-widget-wrap elementor-element-populated\">\n\t\t\t\t\t\t<div class=\"elementor-element elementor-element-6b858d7 elementor-widget elementor-widget-heading\" data-id=\"6b858d7\" data-element_type=\"widget\" data-widget_type=\"heading.default\">\n\t\t\t\t<div class=\"elementor-widget-container\">\n\t\t\t\t\t<h3 class=\"elementor-heading-title elementor-size-default\">Necesita ayuda para soluciones industriales sencillas? Somos los expertos!<\/h3>\t\t\t\t<\/div>\n\t\t\t\t<\/div>\n\t\t\t\t\t<\/div>\n\t\t<\/div>\n\t\t\t\t<div class=\"elementor-column elementor-col-25 elementor-top-column elementor-element elementor-element-20c4516d\" data-id=\"20c4516d\" data-element_type=\"column\">\n\t\t\t<div class=\"elementor-widget-wrap elementor-element-populated\">\n\t\t\t\t\t\t<div class=\"elementor-element elementor-element-4e0ea1e7 elementor-align-center elementor-widget elementor-widget-button\" data-id=\"4e0ea1e7\" data-element_type=\"widget\" data-widget_type=\"button.default\">\n\t\t\t\t<div class=\"elementor-widget-container\">\n\t\t\t\t\t\t\t\t\t<div class=\"elementor-button-wrapper\">\n\t\t\t\t\t<a class=\"elementor-button elementor-button-link elementor-size-sm\" href=\"https:\/\/galcohn.com\/index.php\/contact\/\">\n\t\t\t\t\t\t<span class=\"elementor-button-content-wrapper\">\n\t\t\t\t\t\t\t\t\t<span class=\"elementor-button-text\">Cont\u00e1ctanos<\/span>\n\t\t\t\t\t<\/span>\n\t\t\t\t\t<\/a>\n\t\t\t\t<\/div>\n\t\t\t\t\t\t\t\t<\/div>\n\t\t\t\t<\/div>\n\t\t\t\t\t<\/div>\n\t\t<\/div>\n\t\t\t\t<div class=\"elementor-column elementor-col-25 elementor-top-column elementor-element elementor-element-3d1a34c\" data-id=\"3d1a34c\" data-element_type=\"column\">\n\t\t\t<div class=\"elementor-widget-wrap\">\n\t\t\t\t\t\t\t<\/div>\n\t\t<\/div>\n\t\t\t\t\t<\/div>\n\t\t<\/section>\n\t\t\t\t<\/div>\n\t\t","protected":false},"excerpt":{"rendered":"<p>Sobre Nosotros Encontrar una soluci\u00f3n permanente es nuestro meta! REPRESENTACI\u00d3N DE CLASE MUNDIAL, RESULTADOS LOCALES EXCEPCIONALES. Distribuyendo Innovaci\u00f3n y Tecnolog\u00eda en Honduras. En Galco International, nuestros ejecutivos cuentan con m\u00e1s de 25 a\u00f1os de experiencia combinada en proyectos y licitaciones p\u00fablicas tanto nacionales como internacionales. Somos especialistas en la representaci\u00f3n y suministro de documentos y [&hellip;]<\/p>\n","protected":false},"author":1,"featured_media":0,"parent":0,"menu_order":0,"comment_status":"closed","ping_status":"closed","template":"","meta":{"site-sidebar-layout":"no-sidebar","site-content-layout":"page-builder","ast-site-content-layout":"default","site-content-style":"default","site-sidebar-style":"default","ast-global-header-display":"","ast-banner-title-visibility":"","ast-main-header-display":"","ast-hfb-above-header-display":"","ast-hfb-below-header-display":"","ast-hfb-mobile-header-display":"","site-post-title":"disabled","ast-breadcrumbs-content":"","ast-featured-img":"disabled","footer-sml-layout":"","theme-transparent-header-meta":"enabled","adv-header-id-meta":"","stick-header-meta":"","header-above-stick-meta":"","header-main-stick-meta":"","header-below-stick-meta":"","astra-migrate-meta-layouts":"default","ast-page-background-enabled":"default","ast-page-background-meta":{"desktop":{"background-color":"","background-image":"","background-repeat":"repeat","background-position":"center center","background-size":"auto","background-attachment":"scroll","background-type":"","background-media":"","overlay-type":"","overlay-color":"","overlay-opacity":"","overlay-gradient":""},"tablet":{"background-color":"","background-image":"","background-repeat":"repeat","background-position":"center center","background-size":"auto","background-attachment":"scroll","background-type":"","background-media":"","overlay-type":"","overlay-color":"","overlay-opacity":"","overlay-gradient":""},"mobile":{"background-color":"","background-image":"","background-repeat":"repeat","background-position":"center center","background-size":"auto","background-attachment":"scroll","background-type":"","background-media":"","overlay-type":"","overlay-color":"","overlay-opacity":"","overlay-gradient":""}},"ast-content-background-meta":{"desktop":{"background-color":"var(--ast-global-color-5)","background-image":"","background-repeat":"repeat","background-position":"center center","background-size":"auto","background-attachment":"scroll","background-type":"","background-media":"","overlay-type":"","overlay-color":"","overlay-opacity":"","overlay-gradient":""},"tablet":{"background-color":"var(--ast-global-color-5)","background-image":"","background-repeat":"repeat","background-position":"center center","background-size":"auto","background-attachment":"scroll","background-type":"","background-media":"","overlay-type":"","overlay-color":"","overlay-opacity":"","overlay-gradient":""},"mobile":{"background-color":"var(--ast-global-color-5)","background-image":"","background-repeat":"repeat","background-position":"center center","background-size":"auto","background-attachment":"scroll","background-type":"","background-media":"","overlay-type":"","overlay-color":"","overlay-opacity":"","overlay-gradient":""}},"footnotes":""},"class_list":["post-7","page","type-page","status-publish","hentry"],"yoast_head":"<!-- This site is optimized with the Yoast SEO plugin v25.8 - https:\/\/yoast.com\/wordpress\/plugins\/seo\/ -->\n<title>Sobre Nosotros - Galco International<\/title>\n<meta name=\"description\" content=\"En Galco International, nuestros ejecutivos cuentan con m\u00e1s de 25 a\u00f1os de experiencia combinada en proyectos y licitaciones p\u00fablicas tanto nacionales como internacionales. Somos especialistas en la representaci\u00f3n y suministro de documentos y dispositivos de seguridad, equipos m\u00e9dicos y mobiliario, software administrativo, sistemas de seguridad, equipos contra incendios, materiales a granel, herrajer\u00eda el\u00e9ctrica y de comunicaci\u00f3n, materias primas farmac\u00e9uticas y productos terminados, dise\u00f1o de infraestructura hospitalaria y educativa, distribuci\u00f3n de motores el\u00e9ctricos, transporte el\u00e9ctrico, motores marinos, infraestructura portuaria y muchos otros productos y servicios.\" \/>\n<meta name=\"robots\" content=\"index, follow, max-snippet:-1, max-image-preview:large, max-video-preview:-1\" \/>\n<link rel=\"canonical\" href=\"https:\/\/galcohn.com\/index.php\/sobre-nosotros\/\" \/>\n<meta property=\"og:locale\" content=\"en_US\" \/>\n<meta property=\"og:type\" content=\"article\" \/>\n<meta property=\"og:title\" content=\"Sobre Nosotros - Galco International\" \/>\n<meta property=\"og:description\" content=\"En Galco International, nuestros ejecutivos cuentan con m\u00e1s de 25 a\u00f1os de experiencia combinada en proyectos y licitaciones p\u00fablicas tanto nacionales como internacionales. Somos especialistas en la representaci\u00f3n y suministro de documentos y dispositivos de seguridad, equipos m\u00e9dicos y mobiliario, software administrativo, sistemas de seguridad, equipos contra incendios, materiales a granel, herrajer\u00eda el\u00e9ctrica y de comunicaci\u00f3n, materias primas farmac\u00e9uticas y productos terminados, dise\u00f1o de infraestructura hospitalaria y educativa, distribuci\u00f3n de motores el\u00e9ctricos, transporte el\u00e9ctrico, motores marinos, infraestructura portuaria y muchos otros productos y servicios.\" \/>\n<meta property=\"og:url\" content=\"https:\/\/galcohn.com\/index.php\/sobre-nosotros\/\" \/>\n<meta property=\"og:site_name\" content=\"Galco International\" \/>\n<meta property=\"article:modified_time\" content=\"2023-04-12T05:30:05+00:00\" \/>\n<meta name=\"twitter:card\" content=\"summary_large_image\" \/>\n<meta name=\"twitter:label1\" content=\"Est. reading time\" \/>\n\t<meta name=\"twitter:data1\" content=\"1 minute\" \/>\n<script type=\"application\/ld+json\" class=\"yoast-schema-graph\">{\"@context\":\"https:\/\/schema.org\",\"@graph\":[{\"@type\":\"WebPage\",\"@id\":\"https:\/\/galcohn.com\/index.php\/sobre-nosotros\/\",\"url\":\"https:\/\/galcohn.com\/index.php\/sobre-nosotros\/\",\"name\":\"Sobre Nosotros - Galco International\",\"isPartOf\":{\"@id\":\"https:\/\/galcohn.com\/#website\"},\"datePublished\":\"2018-11-26T12:45:57+00:00\",\"dateModified\":\"2023-04-12T05:30:05+00:00\",\"description\":\"En Galco International, nuestros ejecutivos cuentan con m\u00e1s de 25 a\u00f1os de experiencia combinada en proyectos y licitaciones p\u00fablicas tanto nacionales como internacionales. Somos especialistas en la representaci\u00f3n y suministro de documentos y dispositivos de seguridad, equipos m\u00e9dicos y mobiliario, software administrativo, sistemas de seguridad, equipos contra incendios, materiales a granel, herrajer\u00eda el\u00e9ctrica y de comunicaci\u00f3n, materias primas farmac\u00e9uticas y productos terminados, dise\u00f1o de infraestructura hospitalaria y educativa, distribuci\u00f3n de motores el\u00e9ctricos, transporte el\u00e9ctrico, motores marinos, infraestructura portuaria y muchos otros productos y servicios.\",\"breadcrumb\":{\"@id\":\"https:\/\/galcohn.com\/index.php\/sobre-nosotros\/#breadcrumb\"},\"inLanguage\":\"en-US\",\"potentialAction\":[{\"@type\":\"ReadAction\",\"target\":[\"https:\/\/galcohn.com\/index.php\/sobre-nosotros\/\"]}]},{\"@type\":\"BreadcrumbList\",\"@id\":\"https:\/\/galcohn.com\/index.php\/sobre-nosotros\/#breadcrumb\",\"itemListElement\":[{\"@type\":\"ListItem\",\"position\":1,\"name\":\"Home\",\"item\":\"https:\/\/galcohn.com\/\"},{\"@type\":\"ListItem\",\"position\":2,\"name\":\"Sobre Nosotros\"}]},{\"@type\":\"WebSite\",\"@id\":\"https:\/\/galcohn.com\/#website\",\"url\":\"https:\/\/galcohn.com\/\",\"name\":\"Galco International\",\"description\":\"\",\"publisher\":{\"@id\":\"https:\/\/galcohn.com\/#organization\"},\"potentialAction\":[{\"@type\":\"SearchAction\",\"target\":{\"@type\":\"EntryPoint\",\"urlTemplate\":\"https:\/\/galcohn.com\/?s={search_term_string}\"},\"query-input\":{\"@type\":\"PropertyValueSpecification\",\"valueRequired\":true,\"valueName\":\"search_term_string\"}}],\"inLanguage\":\"en-US\"},{\"@type\":\"Organization\",\"@id\":\"https:\/\/galcohn.com\/#organization\",\"name\":\"Galco International\",\"url\":\"https:\/\/galcohn.com\/\",\"logo\":{\"@type\":\"ImageObject\",\"inLanguage\":\"en-US\",\"@id\":\"https:\/\/galcohn.com\/#\/schema\/logo\/image\/\",\"url\":\"https:\/\/galcohn.com\/wp-content\/uploads\/2023\/04\/galco.png\",\"contentUrl\":\"https:\/\/galcohn.com\/wp-content\/uploads\/2023\/04\/galco.png\",\"width\":220,\"height\":76,\"caption\":\"Galco International\"},\"image\":{\"@id\":\"https:\/\/galcohn.com\/#\/schema\/logo\/image\/\"}}]}<\/script>\n<!-- \/ Yoast SEO plugin. -->","yoast_head_json":{"title":"Sobre Nosotros - Galco International","description":"En Galco International, nuestros ejecutivos cuentan con m\u00e1s de 25 a\u00f1os de experiencia combinada en proyectos y licitaciones p\u00fablicas tanto nacionales como internacionales. Somos especialistas en la representaci\u00f3n y suministro de documentos y dispositivos de seguridad, equipos m\u00e9dicos y mobiliario, software administrativo, sistemas de seguridad, equipos contra incendios, materiales a granel, herrajer\u00eda el\u00e9ctrica y de comunicaci\u00f3n, materias primas farmac\u00e9uticas y productos terminados, dise\u00f1o de infraestructura hospitalaria y educativa, distribuci\u00f3n de motores el\u00e9ctricos, transporte el\u00e9ctrico, motores marinos, infraestructura portuaria y muchos otros productos y servicios.","robots":{"index":"index","follow":"follow","max-snippet":"max-snippet:-1","max-image-preview":"max-image-preview:large","max-video-preview":"max-video-preview:-1"},"canonical":"https:\/\/galcohn.com\/index.php\/sobre-nosotros\/","og_locale":"en_US","og_type":"article","og_title":"Sobre Nosotros - Galco International","og_description":"En Galco International, nuestros ejecutivos cuentan con m\u00e1s de 25 a\u00f1os de experiencia combinada en proyectos y licitaciones p\u00fablicas tanto nacionales como internacionales. Somos especialistas en la representaci\u00f3n y suministro de documentos y dispositivos de seguridad, equipos m\u00e9dicos y mobiliario, software administrativo, sistemas de seguridad, equipos contra incendios, materiales a granel, herrajer\u00eda el\u00e9ctrica y de comunicaci\u00f3n, materias primas farmac\u00e9uticas y productos terminados, dise\u00f1o de infraestructura hospitalaria y educativa, distribuci\u00f3n de motores el\u00e9ctricos, transporte el\u00e9ctrico, motores marinos, infraestructura portuaria y muchos otros productos y servicios.","og_url":"https:\/\/galcohn.com\/index.php\/sobre-nosotros\/","og_site_name":"Galco International","article_modified_time":"2023-04-12T05:30:05+00:00","twitter_card":"summary_large_image","twitter_misc":{"Est. reading time":"1 minute"},"schema":{"@context":"https:\/\/schema.org","@graph":[{"@type":"WebPage","@id":"https:\/\/galcohn.com\/index.php\/sobre-nosotros\/","url":"https:\/\/galcohn.com\/index.php\/sobre-nosotros\/","name":"Sobre Nosotros - Galco International","isPartOf":{"@id":"https:\/\/galcohn.com\/#website"},"datePublished":"2018-11-26T12:45:57+00:00","dateModified":"2023-04-12T05:30:05+00:00","description":"En Galco International, nuestros ejecutivos cuentan con m\u00e1s de 25 a\u00f1os de experiencia combinada en proyectos y licitaciones p\u00fablicas tanto nacionales como internacionales. Somos especialistas en la representaci\u00f3n y suministro de documentos y dispositivos de seguridad, equipos m\u00e9dicos y mobiliario, software administrativo, sistemas de seguridad, equipos contra incendios, materiales a granel, herrajer\u00eda el\u00e9ctrica y de comunicaci\u00f3n, materias primas farmac\u00e9uticas y productos terminados, dise\u00f1o de infraestructura hospitalaria y educativa, distribuci\u00f3n de motores el\u00e9ctricos, transporte el\u00e9ctrico, motores marinos, infraestructura portuaria y muchos otros productos y servicios.","breadcrumb":{"@id":"https:\/\/galcohn.com\/index.php\/sobre-nosotros\/#breadcrumb"},"inLanguage":"en-US","potentialAction":[{"@type":"ReadAction","target":["https:\/\/galcohn.com\/index.php\/sobre-nosotros\/"]}]},{"@type":"BreadcrumbList","@id":"https:\/\/galcohn.com\/index.php\/sobre-nosotros\/#breadcrumb","itemListElement":[{"@type":"ListItem","position":1,"name":"Home","item":"https:\/\/galcohn.com\/"},{"@type":"ListItem","position":2,"name":"Sobre Nosotros"}]},{"@type":"WebSite","@id":"https:\/\/galcohn.com\/#website","url":"https:\/\/galcohn.com\/","name":"Galco International","description":"","publisher":{"@id":"https:\/\/galcohn.com\/#organization"},"potentialAction":[{"@type":"SearchAction","target":{"@type":"EntryPoint","urlTemplate":"https:\/\/galcohn.com\/?s={search_term_string}"},"query-input":{"@type":"PropertyValueSpecification","valueRequired":true,"valueName":"search_term_string"}}],"inLanguage":"en-US"},{"@type":"Organization","@id":"https:\/\/galcohn.com\/#organization","name":"Galco International","url":"https:\/\/galcohn.com\/","logo":{"@type":"ImageObject","inLanguage":"en-US","@id":"https:\/\/galcohn.com\/#\/schema\/logo\/image\/","url":"https:\/\/galcohn.com\/wp-content\/uploads\/2023\/04\/galco.png","contentUrl":"https:\/\/galcohn.com\/wp-content\/uploads\/2023\/04\/galco.png","width":220,"height":76,"caption":"Galco International"},"image":{"@id":"https:\/\/galcohn.com\/#\/schema\/logo\/image\/"}}]}},"_links":{"self":[{"href":"https:\/\/galcohn.com\/index.php\/wp-json\/wp\/v2\/pages\/7","targetHints":{"allow":["GET"]}}],"collection":[{"href":"https:\/\/galcohn.com\/index.php\/wp-json\/wp\/v2\/pages"}],"about":[{"href":"https:\/\/galcohn.com\/index.php\/wp-json\/wp\/v2\/types\/page"}],"author":[{"embeddable":true,"href":"https:\/\/galcohn.com\/index.php\/wp-json\/wp\/v2\/users\/1"}],"replies":[{"embeddable":true,"href":"https:\/\/galcohn.com\/index.php\/wp-json\/wp\/v2\/comments?post=7"}],"version-history":[{"count":30,"href":"https:\/\/galcohn.com\/index.php\/wp-json\/wp\/v2\/pages\/7\/revisions"}],"predecessor-version":[{"id":804,"href":"https:\/\/galcohn.com\/index.php\/wp-json\/wp\/v2\/pages\/7\/revisions\/804"}],"wp:attachment":[{"href":"https:\/\/galcohn.com\/index.php\/wp-json\/wp\/v2\/media?parent=7"}],"curies":[{"name":"wp","href":"https:\/\/api.w.org\/{rel}","templated":true}]}}